{"id":34,"date":"2025-01-15T16:45:26","date_gmt":"2025-01-15T16:45:26","guid":{"rendered":"https:\/\/www.k-p-k.ch\/wordpress\/?page_id=34"},"modified":"2025-01-20T13:12:49","modified_gmt":"2025-01-20T13:12:49","slug":"interesante-links","status":"publish","type":"page","link":"https:\/\/www.k-p-k.ch\/wordpress\/index.php\/interesante-links\/","title":{"rendered":"Interessante Links"},"content":{"rendered":"\n<div class=\"wp-block-group alignfull is-style-section-2 has-global-padding is-layout-constrained wp-block-group-is-layout-constrained is-style-section-2--1\" style=\"margin-top:0;margin-bottom:0;padding-top:var(--wp--preset--spacing--60);padding-bottom:var(--wp--preset--spacing--60)\">\n<div class=\"wp-block-columns alignwide is-layout-flex wp-container-core-columns-is-layout-643ced6b wp-block-columns-is-layout-flex\">\n<div class=\"wp-block-column is-layout-flow wp-block-column-is-layout-flow\" style=\"flex-basis:40%\">\n<figure class=\"wp-block-image aligncenter size-full is-resized\"><img loading=\"lazy\" decoding=\"async\" width=\"400\" height=\"300\" src=\"https:\/\/www.k-p-k.ch\/wordpress\/wp-content\/uploads\/2025\/01\/A57F622916344FAE8382B2386D7AE344300.jpg\" alt=\"\" class=\"wp-image-38\" style=\"width:501px;height:auto\" srcset=\"https:\/\/www.k-p-k.ch\/wordpress\/wp-content\/uploads\/2025\/01\/A57F622916344FAE8382B2386D7AE344300.jpg 400w, https:\/\/www.k-p-k.ch\/wordpress\/wp-content\/uploads\/2025\/01\/A57F622916344FAE8382B2386D7AE344300-300x225.jpg 300w\" sizes=\"auto, (max-width: 400px) 100vw, 400px\" \/><\/figure>\n<\/div>\n\n\n\n<div class=\"wp-block-column is-vertically-aligned-center is-layout-flow wp-container-core-column-is-layout-119bc444 wp-block-column-is-layout-flow\" style=\"flex-basis:60%\">\n<h2 class=\"wp-block-heading has-xx-large-font-size\"> Technische Links<\/h2>\n\n\n\n<p>Unten sind meine Links in Zusammenhang mit Elektrotechnik aufgef\u00fchrt.<\/p>\n\n\n\n<div class=\"wp-block-group is-vertical is-layout-flex wp-container-core-group-is-layout-41e20069 wp-block-group-is-layout-flex\">\n<h3 class=\"wp-block-heading has-small-font-size\" style=\"font-style:normal;font-weight:600;letter-spacing:1px;text-transform:uppercase\">einige Links die ich verwende<\/h3>\n\n\n\n<div class=\"wp-block-group is-layout-flex wp-block-group-is-layout-flex\">\n<div class=\"wp-block-buttons is-layout-flex wp-block-buttons-is-layout-flex\">\n<div class=\"wp-block-button\"><a class=\"wp-block-button__link wp-element-button\" href=\"http:\/\/www.k-p-k.ch\">in Arbeit<\/a><\/div>\n<\/div>\n<\/div>\n<\/div>\n<\/div>\n<\/div>\n<\/div>\n\n\n\n<div class=\"wp-block-group alignfull is-style-section-2 has-global-padding is-layout-constrained wp-block-group-is-layout-constrained is-style-section-2--2\" style=\"margin-top:0;margin-bottom:0;padding-top:var(--wp--preset--spacing--50);padding-bottom:var(--wp--preset--spacing--50)\">\n<div class=\"wp-block-group alignfull is-style-section-2 has-global-padding is-layout-constrained wp-block-group-is-layout-constrained is-style-section-2--3\" style=\"margin-top:0;margin-bottom:0;padding-top:var(--wp--preset--spacing--60);padding-bottom:var(--wp--preset--spacing--60)\">\n<div class=\"wp-block-columns alignwide is-layout-flex wp-container-core-columns-is-layout-643ced6b wp-block-columns-is-layout-flex\">\n<div class=\"wp-block-column is-layout-flow wp-block-column-is-layout-flow\" style=\"flex-basis:40%\">\n<figure class=\"wp-block-image aligncenter size-full is-resized\"><img loading=\"lazy\" decoding=\"async\" width=\"142\" height=\"180\" src=\"https:\/\/www.k-p-k.ch\/wordpress\/wp-content\/uploads\/2025\/01\/freude.bmp\" alt=\"\" class=\"wp-image-40\" style=\"width:508px;height:auto\"\/><\/figure>\n<\/div>\n\n\n\n<div class=\"wp-block-column is-vertically-aligned-center is-layout-flow wp-container-core-column-is-layout-119bc444 wp-block-column-is-layout-flow\" style=\"flex-basis:60%\">\n<h2 class=\"wp-block-heading has-xx-large-font-size\">Sinn und Unsinn des Lebens<\/h2>\n\n\n\n<p>Nachfolgend finden sie Links zu dem Thema. Diese Links k\u00f6nnen als Inspiration f\u00fcr das Gruppenthema dienen.<\/p>\n\n\n\n<div class=\"wp-block-group is-vertical is-layout-flex wp-container-core-group-is-layout-41e20069 wp-block-group-is-layout-flex\">\n<h3 class=\"wp-block-heading has-small-font-size\" style=\"font-style:normal;font-weight:600;letter-spacing:1px;text-transform:uppercase\">Einfach den Knopf anklicken<\/h3>\n\n\n\n<div class=\"wp-block-group is-layout-flex wp-block-group-is-layout-flex\">\n<div class=\"wp-block-buttons is-layout-flex wp-block-buttons-is-layout-flex\">\n<div class=\"wp-block-button is-style-fill\"><a class=\"wp-block-button__link has-border-color has-accent-1-border-color wp-element-button\" href=\"https:\/\/www.birdnerd.ch\/\" style=\"border-radius:57px\">in Arbeit<\/a><\/div>\n<\/div>\n<\/div>\n<\/div>\n<\/div>\n<\/div>\n<\/div>\n<\/div>\n\n\n\n<div class=\"wp-block-group alignfull is-style-section-2 has-global-padding is-layout-constrained wp-block-group-is-layout-constrained is-style-section-2--4\" style=\"margin-top:0;margin-bottom:0;padding-top:var(--wp--preset--spacing--50);padding-bottom:var(--wp--preset--spacing--50)\">\n<div class=\"wp-block-group alignfull is-style-section-2 has-global-padding is-layout-constrained wp-block-group-is-layout-constrained is-style-section-2--5\" style=\"margin-top:0;margin-bottom:0;padding-top:var(--wp--preset--spacing--60);padding-bottom:var(--wp--preset--spacing--60)\">\n<div class=\"wp-block-columns alignwide is-layout-flex wp-container-core-columns-is-layout-643ced6b wp-block-columns-is-layout-flex\">\n<div class=\"wp-block-column is-layout-flow wp-block-column-is-layout-flow\" style=\"flex-basis:40%\">\n<figure class=\"wp-block-image aligncenter size-full is-resized\"><img loading=\"lazy\" decoding=\"async\" width=\"388\" height=\"372\" src=\"https:\/\/www.k-p-k.ch\/wordpress\/wp-content\/uploads\/2025\/01\/BirdNerd.png\" alt=\"\" class=\"wp-image-161\" style=\"width:508px;height:auto\" srcset=\"https:\/\/www.k-p-k.ch\/wordpress\/wp-content\/uploads\/2025\/01\/BirdNerd.png 388w, https:\/\/www.k-p-k.ch\/wordpress\/wp-content\/uploads\/2025\/01\/BirdNerd-300x288.png 300w\" sizes=\"auto, (max-width: 388px) 100vw, 388px\" \/><\/figure>\n<\/div>\n\n\n\n<div class=\"wp-block-column is-vertically-aligned-center is-layout-flow wp-container-core-column-is-layout-119bc444 wp-block-column-is-layout-flow\" style=\"flex-basis:60%\">\n<h2 class=\"wp-block-heading has-xx-large-font-size\">Bird Nerd ist eine Page wo sich alles um V\u00f6gel dreht. <\/h2>\n\n\n\n<p>Hier findet man Bilder von V\u00f6gel und interessante weitere Informationen wie: Gr\u00f6\u00dfe, Brutdaten, Lebensraum, Statistiken usw. <\/p>\n\n\n\n<div class=\"wp-block-group is-vertical is-layout-flex wp-container-core-group-is-layout-41e20069 wp-block-group-is-layout-flex\">\n<h3 class=\"wp-block-heading has-small-font-size\" style=\"font-style:normal;font-weight:600;letter-spacing:1px;text-transform:uppercase\">Einfach den Knopf anklicken<\/h3>\n\n\n\n<div class=\"wp-block-group is-layout-flex wp-block-group-is-layout-flex\">\n<div class=\"wp-block-buttons is-layout-flex wp-block-buttons-is-layout-flex\">\n<div class=\"wp-block-button is-style-fill\"><a class=\"wp-block-button__link has-border-color has-accent-1-border-color wp-element-button\" href=\"https:\/\/www.birdnerd.ch\/\" style=\"border-radius:57px\">Bird Nerd<\/a><\/div>\n<\/div>\n<\/div>\n<\/div>\n<\/div>\n<\/div>\n<\/div>\n<\/div>\n\n\n\n<p><\/p>\n","protected":false},"excerpt":{"rendered":"<p>Technische Links Unten sind meine Links in Zusammenhang mit Elektrotechnik aufgef\u00fchrt. einige Links die ich verwende Sinn und Unsinn des Lebens Nachfolgend finden sie Links zu dem Thema. Diese Links k\u00f6nnen als Inspiration f\u00fcr das Gruppenthema dienen. Einfach den Knopf anklicken Bird Nerd ist eine Page wo sich alles um V\u00f6gel dreht. Hier findet man [&hellip;]<\/p>\n","protected":false},"author":1,"featured_media":41,"parent":0,"menu_order":3,"comment_status":"closed","ping_status":"closed","template":"","meta":{"footnotes":""},"class_list":["post-34","page","type-page","status-publish","has-post-thumbnail","hentry"],"yoast_head":"<!-- This site is optimized with the Yoast SEO plugin v27.4 - https:\/\/yoast.com\/product\/yoast-seo-wordpress\/ -->\n<title>Interessante Links - ADKD<\/title>\n<meta name=\"robots\" content=\"index, follow, max-snippet:-1, max-image-preview:large, max-video-preview:-1\" \/>\n<link rel=\"canonical\" href=\"https:\/\/www.k-p-k.ch\/wordpress\/index.php\/interesante-links\/\" \/>\n<meta property=\"og:locale\" content=\"de_DE\" \/>\n<meta property=\"og:type\" content=\"article\" \/>\n<meta property=\"og:title\" content=\"Interessante Links - ADKD\" \/>\n<meta property=\"og:description\" content=\"Technische Links Unten sind meine Links in Zusammenhang mit Elektrotechnik aufgef\u00fchrt. einige Links die ich verwende Sinn und Unsinn des Lebens Nachfolgend finden sie Links zu dem Thema. Diese Links k\u00f6nnen als Inspiration f\u00fcr das Gruppenthema dienen. Einfach den Knopf anklicken Bird Nerd ist eine Page wo sich alles um V\u00f6gel dreht. Hier findet man [&hellip;]\" \/>\n<meta property=\"og:url\" content=\"https:\/\/www.k-p-k.ch\/wordpress\/index.php\/interesante-links\/\" \/>\n<meta property=\"og:site_name\" content=\"ADKD\" \/>\n<meta property=\"article:modified_time\" content=\"2025-01-20T13:12:49+00:00\" \/>\n<meta property=\"og:image\" content=\"https:\/\/www.k-p-k.ch\/wordpress\/wp-content\/uploads\/2025\/01\/1946700AFD06460696E320CB180B0A7C9005EC955D1053465C726D1DF665B914AC9.jpg\" \/>\n\t<meta property=\"og:image:width\" content=\"1344\" \/>\n\t<meta property=\"og:image:height\" content=\"1008\" \/>\n\t<meta property=\"og:image:type\" content=\"image\/jpeg\" \/>\n<meta name=\"twitter:card\" content=\"summary_large_image\" \/>\n<meta name=\"twitter:label1\" content=\"Gesch\u00e4tzte Lesezeit\" \/>\n\t<meta name=\"twitter:data1\" content=\"2\u00a0Minuten\" \/>\n<script type=\"application\/ld+json\" class=\"yoast-schema-graph\">{\"@context\":\"https:\\\/\\\/schema.org\",\"@graph\":[{\"@type\":\"WebPage\",\"@id\":\"https:\\\/\\\/www.k-p-k.ch\\\/wordpress\\\/index.php\\\/interesante-links\\\/\",\"url\":\"https:\\\/\\\/www.k-p-k.ch\\\/wordpress\\\/index.php\\\/interesante-links\\\/\",\"name\":\"Interessante Links - ADKD\",\"isPartOf\":{\"@id\":\"https:\\\/\\\/www.k-p-k.ch\\\/wordpress\\\/#website\"},\"primaryImageOfPage\":{\"@id\":\"https:\\\/\\\/www.k-p-k.ch\\\/wordpress\\\/index.php\\\/interesante-links\\\/#primaryimage\"},\"image\":{\"@id\":\"https:\\\/\\\/www.k-p-k.ch\\\/wordpress\\\/index.php\\\/interesante-links\\\/#primaryimage\"},\"thumbnailUrl\":\"https:\\\/\\\/www.k-p-k.ch\\\/wordpress\\\/wp-content\\\/uploads\\\/2025\\\/01\\\/1946700AFD06460696E320CB180B0A7C9005EC955D1053465C726D1DF665B914AC9.jpg\",\"datePublished\":\"2025-01-15T16:45:26+00:00\",\"dateModified\":\"2025-01-20T13:12:49+00:00\",\"breadcrumb\":{\"@id\":\"https:\\\/\\\/www.k-p-k.ch\\\/wordpress\\\/index.php\\\/interesante-links\\\/#breadcrumb\"},\"inLanguage\":\"de\",\"potentialAction\":[{\"@type\":\"ReadAction\",\"target\":[\"https:\\\/\\\/www.k-p-k.ch\\\/wordpress\\\/index.php\\\/interesante-links\\\/\"]}]},{\"@type\":\"ImageObject\",\"inLanguage\":\"de\",\"@id\":\"https:\\\/\\\/www.k-p-k.ch\\\/wordpress\\\/index.php\\\/interesante-links\\\/#primaryimage\",\"url\":\"https:\\\/\\\/www.k-p-k.ch\\\/wordpress\\\/wp-content\\\/uploads\\\/2025\\\/01\\\/1946700AFD06460696E320CB180B0A7C9005EC955D1053465C726D1DF665B914AC9.jpg\",\"contentUrl\":\"https:\\\/\\\/www.k-p-k.ch\\\/wordpress\\\/wp-content\\\/uploads\\\/2025\\\/01\\\/1946700AFD06460696E320CB180B0A7C9005EC955D1053465C726D1DF665B914AC9.jpg\",\"width\":1344,\"height\":1008},{\"@type\":\"BreadcrumbList\",\"@id\":\"https:\\\/\\\/www.k-p-k.ch\\\/wordpress\\\/index.php\\\/interesante-links\\\/#breadcrumb\",\"itemListElement\":[{\"@type\":\"ListItem\",\"position\":1,\"name\":\"Startseite\",\"item\":\"https:\\\/\\\/www.k-p-k.ch\\\/wordpress\\\/\"},{\"@type\":\"ListItem\",\"position\":2,\"name\":\"Interessante Links\"}]},{\"@type\":\"WebSite\",\"@id\":\"https:\\\/\\\/www.k-p-k.ch\\\/wordpress\\\/#website\",\"url\":\"https:\\\/\\\/www.k-p-k.ch\\\/wordpress\\\/\",\"name\":\"ADKD\",\"description\":\"Sinn und Unsinn des Lebens\",\"potentialAction\":[{\"@type\":\"SearchAction\",\"target\":{\"@type\":\"EntryPoint\",\"urlTemplate\":\"https:\\\/\\\/www.k-p-k.ch\\\/wordpress\\\/?s={search_term_string}\"},\"query-input\":{\"@type\":\"PropertyValueSpecification\",\"valueRequired\":true,\"valueName\":\"search_term_string\"}}],\"inLanguage\":\"de\"}]}<\/script>\n<!-- \/ Yoast SEO plugin. -->","yoast_head_json":{"title":"Interessante Links - ADKD","robots":{"index":"index","follow":"follow","max-snippet":"max-snippet:-1","max-image-preview":"max-image-preview:large","max-video-preview":"max-video-preview:-1"},"canonical":"https:\/\/www.k-p-k.ch\/wordpress\/index.php\/interesante-links\/","og_locale":"de_DE","og_type":"article","og_title":"Interessante Links - ADKD","og_description":"Technische Links Unten sind meine Links in Zusammenhang mit Elektrotechnik aufgef\u00fchrt. einige Links die ich verwende Sinn und Unsinn des Lebens Nachfolgend finden sie Links zu dem Thema. Diese Links k\u00f6nnen als Inspiration f\u00fcr das Gruppenthema dienen. Einfach den Knopf anklicken Bird Nerd ist eine Page wo sich alles um V\u00f6gel dreht. Hier findet man [&hellip;]","og_url":"https:\/\/www.k-p-k.ch\/wordpress\/index.php\/interesante-links\/","og_site_name":"ADKD","article_modified_time":"2025-01-20T13:12:49+00:00","og_image":[{"width":1344,"height":1008,"url":"https:\/\/www.k-p-k.ch\/wordpress\/wp-content\/uploads\/2025\/01\/1946700AFD06460696E320CB180B0A7C9005EC955D1053465C726D1DF665B914AC9.jpg","type":"image\/jpeg"}],"twitter_card":"summary_large_image","twitter_misc":{"Gesch\u00e4tzte Lesezeit":"2\u00a0Minuten"},"schema":{"@context":"https:\/\/schema.org","@graph":[{"@type":"WebPage","@id":"https:\/\/www.k-p-k.ch\/wordpress\/index.php\/interesante-links\/","url":"https:\/\/www.k-p-k.ch\/wordpress\/index.php\/interesante-links\/","name":"Interessante Links - ADKD","isPartOf":{"@id":"https:\/\/www.k-p-k.ch\/wordpress\/#website"},"primaryImageOfPage":{"@id":"https:\/\/www.k-p-k.ch\/wordpress\/index.php\/interesante-links\/#primaryimage"},"image":{"@id":"https:\/\/www.k-p-k.ch\/wordpress\/index.php\/interesante-links\/#primaryimage"},"thumbnailUrl":"https:\/\/www.k-p-k.ch\/wordpress\/wp-content\/uploads\/2025\/01\/1946700AFD06460696E320CB180B0A7C9005EC955D1053465C726D1DF665B914AC9.jpg","datePublished":"2025-01-15T16:45:26+00:00","dateModified":"2025-01-20T13:12:49+00:00","breadcrumb":{"@id":"https:\/\/www.k-p-k.ch\/wordpress\/index.php\/interesante-links\/#breadcrumb"},"inLanguage":"de","potentialAction":[{"@type":"ReadAction","target":["https:\/\/www.k-p-k.ch\/wordpress\/index.php\/interesante-links\/"]}]},{"@type":"ImageObject","inLanguage":"de","@id":"https:\/\/www.k-p-k.ch\/wordpress\/index.php\/interesante-links\/#primaryimage","url":"https:\/\/www.k-p-k.ch\/wordpress\/wp-content\/uploads\/2025\/01\/1946700AFD06460696E320CB180B0A7C9005EC955D1053465C726D1DF665B914AC9.jpg","contentUrl":"https:\/\/www.k-p-k.ch\/wordpress\/wp-content\/uploads\/2025\/01\/1946700AFD06460696E320CB180B0A7C9005EC955D1053465C726D1DF665B914AC9.jpg","width":1344,"height":1008},{"@type":"BreadcrumbList","@id":"https:\/\/www.k-p-k.ch\/wordpress\/index.php\/interesante-links\/#breadcrumb","itemListElement":[{"@type":"ListItem","position":1,"name":"Startseite","item":"https:\/\/www.k-p-k.ch\/wordpress\/"},{"@type":"ListItem","position":2,"name":"Interessante Links"}]},{"@type":"WebSite","@id":"https:\/\/www.k-p-k.ch\/wordpress\/#website","url":"https:\/\/www.k-p-k.ch\/wordpress\/","name":"ADKD","description":"Sinn und Unsinn des Lebens","potentialAction":[{"@type":"SearchAction","target":{"@type":"EntryPoint","urlTemplate":"https:\/\/www.k-p-k.ch\/wordpress\/?s={search_term_string}"},"query-input":{"@type":"PropertyValueSpecification","valueRequired":true,"valueName":"search_term_string"}}],"inLanguage":"de"}]}},"_links":{"self":[{"href":"https:\/\/www.k-p-k.ch\/wordpress\/index.php\/wp-json\/wp\/v2\/pages\/34","targetHints":{"allow":["GET"]}}],"collection":[{"href":"https:\/\/www.k-p-k.ch\/wordpress\/index.php\/wp-json\/wp\/v2\/pages"}],"about":[{"href":"https:\/\/www.k-p-k.ch\/wordpress\/index.php\/wp-json\/wp\/v2\/types\/page"}],"author":[{"embeddable":true,"href":"https:\/\/www.k-p-k.ch\/wordpress\/index.php\/wp-json\/wp\/v2\/users\/1"}],"replies":[{"embeddable":true,"href":"https:\/\/www.k-p-k.ch\/wordpress\/index.php\/wp-json\/wp\/v2\/comments?post=34"}],"version-history":[{"count":9,"href":"https:\/\/www.k-p-k.ch\/wordpress\/index.php\/wp-json\/wp\/v2\/pages\/34\/revisions"}],"predecessor-version":[{"id":168,"href":"https:\/\/www.k-p-k.ch\/wordpress\/index.php\/wp-json\/wp\/v2\/pages\/34\/revisions\/168"}],"wp:featuredmedia":[{"embeddable":true,"href":"https:\/\/www.k-p-k.ch\/wordpress\/index.php\/wp-json\/wp\/v2\/media\/41"}],"wp:attachment":[{"href":"https:\/\/www.k-p-k.ch\/wordpress\/index.php\/wp-json\/wp\/v2\/media?parent=34"}],"curies":[{"name":"wp","href":"https:\/\/api.w.org\/{rel}","templated":true}]}}